{"id":2366,"date":"2016-10-10T13:22:29","date_gmt":"2016-10-10T11:22:29","guid":{"rendered":"http:\/\/www.husumer-schachverein.de\/?page_id=2366"},"modified":"2017-11-26T18:30:17","modified_gmt":"2017-11-26T16:30:17","slug":"jahreshauptversammlung-schachbezirk-nord-2016","status":"publish","type":"page","link":"https:\/\/www.husumer-schachverein.de\/?page_id=2366","title":{"rendered":"JHV Nord 2016"},"content":{"rendered":"<p>&nbsp;<\/p>\n<style type=\"text\/css\">\n\t<!--\n\t\t@page { margin: 2cm }\n\t\tP { margin-bottom: 0.21cm }\n\t-->\n\t<\/style>\n<p align=\"CENTER\"><span style=\"font-family: Arial,sans-serif;\"><span style=\"font-size: large;\"><u>Kurzzusammenfassung der<\/u><\/span><\/span><\/p>\n<p align=\"CENTER\"><span style=\"font-family: Arial,sans-serif;\"><span style=\"font-size: large;\"><u>JHV Schachbezirk Nord<\/u><\/span><\/span><\/p>\n<p align=\"CENTER\"><span style=\"font-family: Arial,sans-serif;\"><span style=\"font-size: large;\"><u>am 09.09.2016 in T\u00d6NNING<\/u><\/span><\/span><\/p>\n<ol>\n<li><span style=\"font-family: Arial,sans-serif;\"><span style=\"font-size: large;\">Neuer Vorsitzender Kai Kr\u00fcger, Eckernf\u00f6rde<\/span><\/span><\/li>\n<\/ol>\n<p><span style=\"font-family: Arial,sans-serif;\"><span style=\"font-size: large;\">Gew\u00e4hlt mit 10 Stimmen, Harald Eis 9 Stimmen<\/span><\/span><\/p>\n<p><span style=\"font-family: Arial,sans-serif;\"><span style=\"font-size: large;\">Kassenwart bleibt Manfred Schmidt, Kropp<\/span><\/span><\/p>\n<p><span style=\"font-family: Arial,sans-serif;\"><span style=\"font-size: large;\">Jugendwart bleibt Mike Neumann, Schleswig<\/span><\/span><\/p>\n<ol start=\"2\">\n<li><span style=\"font-family: Arial,sans-serif;\"><span style=\"font-size: large;\">Bezirksliga 2016 &#8211; 2017<\/span><\/span><\/li>\n<\/ol>\n<p><span style=\"font-family: Arial,sans-serif;\"><span style=\"font-size: large;\">7 Mannschaften<\/span><\/span><\/p>\n<p><span style=\"font-family: Arial,sans-serif;\"><span style=\"font-size: large;\">Eckernf\u00f6rde, Schleswig, Husum, Kropp, Kappeln, <\/span><\/span><\/p>\n<p><span style=\"font-family: Arial,sans-serif;\"><span style=\"font-size: large;\">Flensburg, Rendsburg<\/span><\/span><\/p>\n<p><span style=\"font-family: Arial,sans-serif;\"><span style=\"font-size: large;\">Spieltage<\/span><\/span><\/p>\n<p><span style=\"font-family: Arial,sans-serif;\"><span style=\"font-size: large;\">20.11., 04.12., 15.01.17, 19.02., 19.03., 02.04., 07.05.<\/span><\/span><\/p>\n<p><span style=\"font-family: Arial,sans-serif;\"><span style=\"font-size: large;\">Spielmodus<\/span><\/span><\/p>\n<p><span style=\"font-family: Arial,sans-serif;\"><span style=\"font-size: large;\">8 Bretter, 2 Stunden 40 Z\u00fcge + 30 Minuten Rest<\/span><\/span><\/p>\n<ol start=\"3\">\n<li>\n<p lang=\"de-DE\"><span style=\"color: #000000;\"><span style=\"font-family: Calibri,sans-serif;\"><span style=\"font-size: small;\"><span style=\"font-family: Arial,sans-serif;\"><span style=\"font-size: large;\">Diskussion f\u00fcr die Saison 2017 \u2013 2018<\/span><\/span><\/span><\/span><\/span><\/p>\n<\/li>\n<\/ol>\n<p lang=\"de-DE\"><span style=\"color: #000000;\"><span style=\"font-family: Arial,sans-serif;\"><span style=\"font-size: large;\">Bezirksliga nur noch 6 Bretter <\/span><\/span><\/span><\/p>\n<p lang=\"de-DE\"><span style=\"color: #000000;\"> <span style=\"font-family: Calibri,sans-serif;\"><span style=\"font-size: small;\"><span style=\"font-family: Arial,sans-serif;\"><span style=\"font-size: large;\"> Bezirksklasse 4 oder 5 Bretter<\/span><\/span><\/span><\/span><\/span><\/p>\n<p lang=\"de-DE\"><span style=\"color: #000000;\"><span style=\"font-family: Arial,sans-serif;\"><span style=\"font-size: large;\">Zeit: 90 Minuten f\u00fcr 40 Z\u00fcge, 30 Minuten f\u00fcr Rest plus 30 Sekunden Zuschlag ab erstem Zug (wie Verbandsliga)<\/span><\/span><\/span><\/p>\n<p lang=\"de-DE\"><span style=\"color: #000000;\"><span style=\"font-family: Arial,sans-serif;\"><span style=\"font-size: large;\">Entscheidung bei n\u00e4chster JHV<\/span><\/span><\/span><\/p>\n<ol start=\"4\">\n<li>\n<p lang=\"de-DE\"><span style=\"color: #000000;\"><span style=\"font-family: Arial,sans-serif;\"><span style=\"font-size: large;\">Jugend<\/span><\/span><\/span><\/p>\n<\/li>\n<\/ol>\n<p lang=\"de-DE\"><span style=\"color: #000000;\"><span style=\"font-family: Arial,sans-serif;\"><span style=\"font-size: large;\">Versuch eines Jugend GrandPrix 6x pro Saison<\/span><\/span><\/span><\/p>\n<p lang=\"de-DE\"><span style=\"color: #000000;\"><span style=\"font-family: Arial,sans-serif;\"><span style=\"font-size: large;\">Bezirksjugend-Einzel am Sa 15.07.17 im Scheersberg<\/span><\/span><\/span><\/p>\n<ol start=\"5\">\n<li><span style=\"font-family: Arial,sans-serif;\"><span style=\"font-size: large;\">N\u00e4chste JHV am 08.09.2017 in Eckernf\u00f6rde<\/span><\/span><\/li>\n<\/ol>\n","protected":false},"excerpt":{"rendered":"<p>&nbsp; Kurzzusammenfassung der JHV Schachbezirk Nord am 09.09.2016 in T\u00d6NNING Neuer Vorsitzender Kai Kr\u00fcger, Eckernf\u00f6rde Gew\u00e4hlt mit 10 Stimmen, Harald Eis 9 Stimmen Kassenwart bleibt Manfred Schmidt, Kropp Jugendwart bleibt Mike Neumann, Schleswig Bezirksliga 2016 &#8211; 2017 7 Mannschaften Eckernf\u00f6rde, &hellip; <a href=\"https:\/\/www.husumer-schachverein.de\/?page_id=2366\">Weiterlesen <span class=\"meta-nav\">&rarr;<\/span><\/a><\/p>\n","protected":false},"author":6,"featured_media":0,"parent":2932,"menu_order":0,"comment_status":"closed","ping_status":"closed","template":"onecolumn-page.php","meta":{"footnotes":""},"class_list":["post-2366","page","type-page","status-publish","hentry"],"_links":{"self":[{"href":"https:\/\/www.husumer-schachverein.de\/index.php?rest_route=\/wp\/v2\/pages\/2366","targetHints":{"allow":["GET"]}}],"collection":[{"href":"https:\/\/www.husumer-schachverein.de\/index.php?rest_route=\/wp\/v2\/pages"}],"about":[{"href":"https:\/\/www.husumer-schachverein.de\/index.php?rest_route=\/wp\/v2\/types\/page"}],"author":[{"embeddable":true,"href":"https:\/\/www.husumer-schachverein.de\/index.php?rest_route=\/wp\/v2\/users\/6"}],"replies":[{"embeddable":true,"href":"https:\/\/www.husumer-schachverein.de\/index.php?rest_route=%2Fwp%2Fv2%2Fcomments&post=2366"}],"version-history":[{"count":3,"href":"https:\/\/www.husumer-schachverein.de\/index.php?rest_route=\/wp\/v2\/pages\/2366\/revisions"}],"predecessor-version":[{"id":2931,"href":"https:\/\/www.husumer-schachverein.de\/index.php?rest_route=\/wp\/v2\/pages\/2366\/revisions\/2931"}],"up":[{"embeddable":true,"href":"https:\/\/www.husumer-schachverein.de\/index.php?rest_route=\/wp\/v2\/pages\/2932"}],"wp:attachment":[{"href":"https:\/\/www.husumer-schachverein.de\/index.php?rest_route=%2Fwp%2Fv2%2Fmedia&parent=2366"}],"curies":[{"name":"wp","href":"https:\/\/api.w.org\/{rel}","templated":true}]}}