{"id":3983,"date":"2019-08-24T21:39:47","date_gmt":"2019-08-24T19:39:47","guid":{"rendered":"https:\/\/www.husumer-schachverein.de\/?page_id=3983"},"modified":"2023-09-08T21:18:29","modified_gmt":"2023-09-08T19:18:29","slug":"beitrittserklaerungen","status":"publish","type":"page","link":"https:\/\/www.husumer-schachverein.de\/?page_id=3983","title":{"rendered":"Beitrittserkl\u00e4rungen"},"content":{"rendered":"<p><a href=\"https:\/\/www.husumer-schachverein.de\/wp-content\/uploads\/Beitritt-Erwachsener-Aug2019.pdf\"> Download Beitrittserkl\u00e4rung f\u00fcr Erwachsene<\/a><\/p>\n<p><a href=\"https:\/\/www.husumer-schachverein.de\/wp-content\/uploads\/Beitritt-Jugend-Aug2019.pdf\"> Download Beitrittserkl\u00e4rung f\u00fcr Kinder und Jugendliche <\/a><\/p>\n","protected":false},"excerpt":{"rendered":"<p>Download Beitrittserkl\u00e4rung f\u00fcr Erwachsene Download Beitrittserkl\u00e4rung f\u00fcr Kinder und Jugendliche<\/p>\n","protected":false},"author":6,"featured_media":0,"parent":0,"menu_order":0,"comment_status":"closed","ping_status":"closed","template":"","meta":{"footnotes":""},"class_list":["post-3983","page","type-page","status-publish","hentry"],"_links":{"self":[{"href":"https:\/\/www.husumer-schachverein.de\/index.php?rest_route=\/wp\/v2\/pages\/3983","targetHints":{"allow":["GET"]}}],"collection":[{"href":"https:\/\/www.husumer-schachverein.de\/index.php?rest_route=\/wp\/v2\/pages"}],"about":[{"href":"https:\/\/www.husumer-schachverein.de\/index.php?rest_route=\/wp\/v2\/types\/page"}],"author":[{"embeddable":true,"href":"https:\/\/www.husumer-schachverein.de\/index.php?rest_route=\/wp\/v2\/users\/6"}],"replies":[{"embeddable":true,"href":"https:\/\/www.husumer-schachverein.de\/index.php?rest_route=%2Fwp%2Fv2%2Fcomments&post=3983"}],"version-history":[{"count":3,"href":"https:\/\/www.husumer-schachverein.de\/index.php?rest_route=\/wp\/v2\/pages\/3983\/revisions"}],"predecessor-version":[{"id":6234,"href":"https:\/\/www.husumer-schachverein.de\/index.php?rest_route=\/wp\/v2\/pages\/3983\/revisions\/6234"}],"wp:attachment":[{"href":"https:\/\/www.husumer-schachverein.de\/index.php?rest_route=%2Fwp%2Fv2%2Fmedia&parent=3983"}],"curies":[{"name":"wp","href":"https:\/\/api.w.org\/{rel}","templated":true}]}}