{"id":4254,"date":"2019-12-04T21:38:31","date_gmt":"2019-12-04T19:38:31","guid":{"rendered":"https:\/\/www.husumer-schachverein.de\/?page_id=4254"},"modified":"2020-02-20T11:05:56","modified_gmt":"2020-02-20T09:05:56","slug":"husumer-jugendstadtmeisterschaft","status":"publish","type":"page","link":"https:\/\/www.husumer-schachverein.de\/?page_id=4254","title":{"rendered":"Jugendstadtmeisterschaft"},"content":{"rendered":"<p>Informationen zur Husumer Jugendstadtmeisterschaft 2020<\/p>\n<p>Termine: 29.2., 21.3., 4.4., 2.5., 6.6.<\/p>\n<p>Modus: Rundensystem (jeder gegen jeden)<br \/>\nRunden: 5<br \/>\nTeilnehmer und Startnummern:<\/p>\n<p>1 M\u00f6llgaard 2 Fromberg 3 C.Quint 4 Popp 5 K.Quint 6 K\u00f6gel<\/p>\n<p>Sa 29.02. Runde 1: M\u00f6llgaard-K\u00f6gel, Fromberg-K.Quint, C.Quint-Popp<br \/>\nSa 21.03. Runde 2: K\u00f6gel-Popp, K.Quint-C.Quint, M\u00f6llgaard-Fromberg<br \/>\nSa 04.04. Runde 3: Fromberg-K\u00f6gel, C.Quint-M\u00f6llgaard, Popp-K.Quint<br \/>\nSa 02.05. Runde 4: K\u00f6gel-K.Quint, M\u00f6llgaard-Popp, Fromberg-C.Quint<br \/>\nSa 06.06. Runde 5: C.Quint-K\u00f6gel, Popp-Fromberg, K.Quint-M\u00f6llgaard<\/p>\n<p>Ort und Zeit: AWO, ab 14 Uhr<\/p>\n<p>Anmeldung: bis 11.1.2020 beim Jugendleiter Birger Boyens<\/p>\n<p>Preise: 1.Preis Pokal, Urkunden und Buchpreise f\u00fcr alle Teilnehmer<\/p>\n<p>Bedenkzeit: 1:30 h f\u00fcr 40 Z\u00fcge, 30 Minuten f\u00fcr den Rest, 30 Sekunden Inkrement pro Zug von Anfang an<\/p>\n<p>DWZ Auswertung: Nein<\/p>\n<p>Nachhol\/Vorholpartien: sowohl Samstags als auch Dienstag abends k\u00f6nnen Partien nach R\u00fccksprache vor- oder nachgeholt werden<\/p>\n<p>Teilnahmeberechtigt: Spieler ab Geburtsjahr 2000 (d.h. bis U20), die Mitglied im Husumer Schachverein sind oder ihren Wohnsitz in Nordfriesland haben<\/p>\n<p>Infos und Anmeldung: birger.boyens@t-online.de<\/p>\n<p><img loading=\"lazy\" decoding=\"async\" class=\"alignleft size-full wp-image-4280\" src=\"https:\/\/www.husumer-schachverein.de\/wp-content\/uploads\/20200102_141732.jpg\" alt=\"\" width=\"708\" height=\"1200\" srcset=\"https:\/\/www.husumer-schachverein.de\/wp-content\/uploads\/20200102_141732.jpg 708w, https:\/\/www.husumer-schachverein.de\/wp-content\/uploads\/20200102_141732-177x300.jpg 177w\" sizes=\"auto, (max-width: 708px) 100vw, 708px\" \/><\/p>\n<p>Veranstalter: Husumer Schachverein von 1898 e.V.<\/p>\n","protected":false},"excerpt":{"rendered":"<p>Informationen zur Husumer Jugendstadtmeisterschaft 2020 Termine: 29.2., 21.3., 4.4., 2.5., 6.6. Modus: Rundensystem (jeder gegen jeden) Runden: 5 Teilnehmer und Startnummern: 1 M\u00f6llgaard 2 Fromberg 3 C.Quint 4 Popp 5 K.Quint 6 K\u00f6gel Sa 29.02. Runde 1: M\u00f6llgaard-K\u00f6gel, Fromberg-K.Quint, C.Quint-Popp &hellip; <a href=\"https:\/\/www.husumer-schachverein.de\/?page_id=4254\">Weiterlesen <span class=\"meta-nav\">&rarr;<\/span><\/a><\/p>\n","protected":false},"author":6,"featured_media":0,"parent":0,"menu_order":0,"comment_status":"closed","ping_status":"closed","template":"","meta":{"footnotes":""},"class_list":["post-4254","page","type-page","status-publish","hentry"],"_links":{"self":[{"href":"https:\/\/www.husumer-schachverein.de\/index.php?rest_route=\/wp\/v2\/pages\/4254","targetHints":{"allow":["GET"]}}],"collection":[{"href":"https:\/\/www.husumer-schachverein.de\/index.php?rest_route=\/wp\/v2\/pages"}],"about":[{"href":"https:\/\/www.husumer-schachverein.de\/index.php?rest_route=\/wp\/v2\/types\/page"}],"author":[{"embeddable":true,"href":"https:\/\/www.husumer-schachverein.de\/index.php?rest_route=\/wp\/v2\/users\/6"}],"replies":[{"embeddable":true,"href":"https:\/\/www.husumer-schachverein.de\/index.php?rest_route=%2Fwp%2Fv2%2Fcomments&post=4254"}],"version-history":[{"count":11,"href":"https:\/\/www.husumer-schachverein.de\/index.php?rest_route=\/wp\/v2\/pages\/4254\/revisions"}],"predecessor-version":[{"id":4364,"href":"https:\/\/www.husumer-schachverein.de\/index.php?rest_route=\/wp\/v2\/pages\/4254\/revisions\/4364"}],"wp:attachment":[{"href":"https:\/\/www.husumer-schachverein.de\/index.php?rest_route=%2Fwp%2Fv2%2Fmedia&parent=4254"}],"curies":[{"name":"wp","href":"https:\/\/api.w.org\/{rel}","templated":true}]}}