{"id":5855,"date":"2023-04-25T10:33:34","date_gmt":"2023-04-25T08:33:34","guid":{"rendered":"https:\/\/www.husumer-schachverein.de\/?page_id=5855"},"modified":"2024-10-19T08:08:53","modified_gmt":"2024-10-19T06:08:53","slug":"jubilaeum","status":"publish","type":"page","link":"https:\/\/www.husumer-schachverein.de\/?page_id=5855","title":{"rendered":"Jubil\u00e4um 125 Jahre"},"content":{"rendered":"<p>Der Husumer Schachverein feierte sein 125-j\u00e4hriges Vereinsjubil\u00e4um<br \/>\nam 20. Mai 2023 im S\u00fcdfl\u00fcgelsaal des Schlosses vor Husum.<\/p>\n<p>Es begann vormittags mit einer Feierstunde\u00a0mit den Vereinsmitgliedern und<br \/>\nRepr\u00e4sentanten der Verb\u00e4nde und des \u00f6ffentlichen Lebens. Nachmittags gab<br \/>\nGro\u00dfmeisterin <a href=\"https:\/\/de.wikipedia.org\/wiki\/Elisabeth_P\u00e4htz\">Elisabeth P\u00e4htz<\/a> aus Berlin eine Lehrstunde des Schachs und spielte<br \/>\nan 30 Brettern gegen ausgew\u00e4hlte Spieler unseres Vereins und des Schachbezirkes Nord. Eine Zusammenfassung der Veranstaltung mit Bildern \u00a0finden Sie im <a href=\"https:\/\/www.husumer-schachverein.de\/wp-content\/uploads\/230521_Bericht-vom-Festtag-am-20.-Mai.pdf\">Bericht vom Festtag <\/a>.<\/p>\n<p>Weitere H\u00f6hepunkte und besondere Veranstaltungen waren ein Jugendturnier am 30. September 2023 sowie ein  <a href=\"https:\/\/www.husumer-schachverein.de\/wp-content\/uploads\/KS-Turnier-Bericht-.pdf\">Klaus-Seeck-Gedenkturnier<\/a> am 04. November 2023.<\/p>\n<p>Den Schlusspunkt des Jubil\u00e4umsjahres setzte die \u00dcberreichung einer Ehrenurkunde durch das Land Schleswig-Holstein in einer Feierstunde in Kiel am 14. November 2023 im G\u00e4stehaus des Landtages. Eine Zusammenfassung finden Sie in einem <a href=\"https:\/\/www.husumer-schachverein.de\/wp-content\/uploads\/Bericht-zur-Feierstunde-in-Kiel.pdf\">Bericht zur Feierstunde in Kiel<\/a>\u00a0mit zahlreichen Bildern.<\/p>\n<p>Zudem ist eine 100-seitige Festschrift mit einer  <a href=\"https:\/\/www.husumer-schachverein.de\/wp-content\/uploads\/Vereinschronik-des-Husumer-Schachvereins-von-1898-e.V.pdf\">Vereinschronik des Husumer Schachvereins von 1898 e.V.<\/a> erschienen.<br \/>\n<a href=\"https:\/\/www.husumer-schachverein.de\/wp-content\/uploads\/Vereinschronik-Kurzform-1.pdf\">Vereinschronik Kurzform<\/a><\/p>\n<p><img loading=\"lazy\" decoding=\"async\" class=\"alignnone size-full wp-image-5860\" src=\"https:\/\/www.husumer-schachverein.de\/wp-content\/uploads\/Jubilaeumsemblem-als-png.png\" alt=\"\" width=\"1486\" height=\"468\" srcset=\"https:\/\/www.husumer-schachverein.de\/wp-content\/uploads\/Jubilaeumsemblem-als-png.png 1486w, https:\/\/www.husumer-schachverein.de\/wp-content\/uploads\/Jubilaeumsemblem-als-png-300x94.png 300w\" sizes=\"auto, (max-width: 1486px) 100vw, 1486px\" \/><\/p>\n<p><strong>Eine kurze Vereinsgeschichte des Husumer Schachvereins von 1898 e.V.<\/strong><\/p>\n<p>Im Jahr 1898 trafen sich einige Herren, unter ihnen Husums sp\u00e4terer Vork\u00e4mpfer Friedrich Mi\u00dffeldt, um im fr\u00fcheren Bahnhofshotel (Ecke Nordbahnhofstra\u00dfe &#8211; Deichstra\u00dfe) zwanglos auf den 64 Feldern ihre Kr\u00e4fte zu messen. Zu einem Verein mit festem Gef\u00fcge, Satzung und Vorstand kam es erst 22 Jahre sp\u00e4ter unter F\u00fchrung von Pastor Rudolf Rienau, der auch 1921 erster Husumer Stadtmeister wurde.<\/p>\n<p>Im Jahre 1933 \u00fcbergab Rudolf Rienau die F\u00fchrung des Vereins an Heinrich Walkerling, der den Verein zu einer ersten Bl\u00fcte f\u00fchrte und die ersten 50 Jahre des Vereins mit einer umf\u00e4nglichen Chronik festhielt.<\/p>\n<p>Im Jahre 1940 wurde die vorerst letzte Stadtmeisterschaft ausgetragen, in der der 68-j\u00e4hrige Friedrich Mi\u00dffeldt seinen siebten Titel errang.<br \/>\nAb 1948 wurde neben der Stadtmeisterschaft auch ein Vereinspokal im k.o.-System etabliert, den erstmals Max Nehlsen gewann.<\/p>\n<p>Um 1960 errang der Verein eine weitere Bl\u00fctezeit unter F\u00fchrung von Walter Breum (seit 1957) und Friedrich Clasen (seit 1961); bei den Vereinsturnieren waren mehr als 40 Spieler aktiv dabei.<br \/>\nDen bis dahin gr\u00f6\u00dften Erfolg schafften Husums Schachspieler 1967 mit dem Gewinn der Bezirksmeisterschaft.<\/p>\n<p>Im Turnier um die Stadtmeisterschaft 1968 errang Max Nehlsen zum 15. Mal den Titel. Diese Erfolgsserie ist in der Vereinsgeschichte ohne Beispiel.<\/p>\n<p>In den fr\u00fchen 70er Jahren durchlebte der Verein eine Krise, die durch Zusammenschluss mit der starken Schachgruppe des Theodor-Sch\u00e4fer- Berufsbildungswerkes unter F\u00fchrung von Dietrich Seydel 1975 \u00fcberwunden werden konnte. Die Mitgliederzahl stieg sprunghaft auf \u00fcber 40 an, die H\u00e4lfte davon Jugendliche.<\/p>\n<p>Im April 1976 wurde der Verein in das Vereinsregister des Amtsgerichtes unter der Nummer 230 eingetragen.<\/p>\n<p>In den 80er Jahren war der Verein unter F\u00fchrung von Werner Schr\u00f6er mehrfach Ausrichter der schleswig-holsteinischen Meisterschaften f\u00fcr den Verband. In dieser Zeit wurden auch Serien von Schnellschach- und Blitzschachturnieren im vereinsinternen Spielbetrieb fest etabliert.<\/p>\n<p>Im Jahr 1994 wurde der gr\u00f6\u00dfte sportliche Erfolg erreicht. Mit dem ersten Platz in der Verbandsliga stiegen die Husumer in die Landesliga auf.<br \/>\nNach einem Abstieg in 1996 und direktem Wiederaufstieg und erneutem Abstieg spielt man seit 1998 nahezu ununterbrochen in der Verbandsliga. Neben der Stadtmeisterschaft und dem Vereinspokal ermittelt seit 1996 ein Rundenturnier den Vereinsmeister, um allen Spielern Turnierpraxis zu erm\u00f6glichen.<\/p>\n<p>Unter F\u00fchrung von Theo Benning (seit 1994), Klaus Seeck (seit 2005), der auch f\u00fcnfmal die Landesmeisterschaft SH der Senioren gewann,<br \/>\nund Dr. Holger Ohst (seit 2017) entwickelte sich der Verein zum aktuellen Stand weiter mit etwa 40 Mitgliedern, die H\u00e4lfte davon Jugendliche.<\/p>\n<p>Mit zwei Mannschaften in der Verbandsliga und Bezirksliga des Schachverbandes Schleswig-Holstein sowie einer Mannschaft in der Jugend-Landesliga nimmt der Verein regelm\u00e4ssig am Spielbetrieb teil und engagiert sich bei regionalen Turnieren und in der Jugendarbeit.<\/p>\n<p>Spielst\u00e4tte des Vereins ist seit Ende 2021 Haus Kiesselbach in Schob\u00fcll, dienstags ab 19.15 Uhr; das allgemeine Training erfolgt<span class=\"Apple-converted-space\">\u00a0\u00a0<\/span>in der Stadtbibliothek Husum (Nissen-Haus), Herzog-Adolf-Stra\u00dfe 25, samstags ab 10 Uhr.<\/p>\n<p>&nbsp;<\/p>\n","protected":false},"excerpt":{"rendered":"<p>Der Husumer Schachverein feierte sein 125-j\u00e4hriges Vereinsjubil\u00e4um am 20. Mai 2023 im S\u00fcdfl\u00fcgelsaal des Schlosses vor Husum. Es begann vormittags mit einer Feierstunde\u00a0mit den Vereinsmitgliedern und Repr\u00e4sentanten der Verb\u00e4nde und des \u00f6ffentlichen Lebens. Nachmittags gab Gro\u00dfmeisterin Elisabeth P\u00e4htz aus Berlin &hellip; <a href=\"https:\/\/www.husumer-schachverein.de\/?page_id=5855\">Weiterlesen <span class=\"meta-nav\">&rarr;<\/span><\/a><\/p>\n","protected":false},"author":6,"featured_media":0,"parent":0,"menu_order":0,"comment_status":"closed","ping_status":"closed","template":"","meta":{"footnotes":""},"class_list":["post-5855","page","type-page","status-publish","hentry"],"_links":{"self":[{"href":"https:\/\/www.husumer-schachverein.de\/index.php?rest_route=\/wp\/v2\/pages\/5855","targetHints":{"allow":["GET"]}}],"collection":[{"href":"https:\/\/www.husumer-schachverein.de\/index.php?rest_route=\/wp\/v2\/pages"}],"about":[{"href":"https:\/\/www.husumer-schachverein.de\/index.php?rest_route=\/wp\/v2\/types\/page"}],"author":[{"embeddable":true,"href":"https:\/\/www.husumer-schachverein.de\/index.php?rest_route=\/wp\/v2\/users\/6"}],"replies":[{"embeddable":true,"href":"https:\/\/www.husumer-schachverein.de\/index.php?rest_route=%2Fwp%2Fv2%2Fcomments&post=5855"}],"version-history":[{"count":33,"href":"https:\/\/www.husumer-schachverein.de\/index.php?rest_route=\/wp\/v2\/pages\/5855\/revisions"}],"predecessor-version":[{"id":7047,"href":"https:\/\/www.husumer-schachverein.de\/index.php?rest_route=\/wp\/v2\/pages\/5855\/revisions\/7047"}],"wp:attachment":[{"href":"https:\/\/www.husumer-schachverein.de\/index.php?rest_route=%2Fwp%2Fv2%2Fmedia&parent=5855"}],"curies":[{"name":"wp","href":"https:\/\/api.w.org\/{rel}","templated":true}]}}