{"id":6168,"date":"2023-09-02T15:59:28","date_gmt":"2023-09-02T13:59:28","guid":{"rendered":"https:\/\/www.husumer-schachverein.de\/?page_id=6168"},"modified":"2025-09-28T21:40:06","modified_gmt":"2025-09-28T19:40:06","slug":"stadtmeisterschaft-5","status":"publish","type":"page","link":"https:\/\/www.husumer-schachverein.de\/?page_id=6168","title":{"rendered":"Stadtmeisterschaft"},"content":{"rendered":"<p>Gespielt werden 7 Runden nach Schweizer System. Die Bedenkzeit betr\u00e4gt 90 Minuten f\u00fcr 40 Z\u00fcge gefolgt von 30 Minuten f\u00fcr den Rest. 30 Sekunden Bonus pro Zug von Anfang an kommen dazu.<\/p>\n<p>Turnierleitung: Uwe Jacobsen<\/p>\n<p><strong>Aktuelles<\/strong><\/p>\n<p>Detaillierte Infos: <a href=\"https:\/\/s3.chess-results.com\/tnr1262517.aspx?lan=0&amp;art=2&amp;rd=1&amp;SNode=S0\">Stadtmeisterschaft 2025\/26<\/a><\/p>\n<p>&nbsp;<\/p>\n","protected":false},"excerpt":{"rendered":"<p>Gespielt werden 7 Runden nach Schweizer System. Die Bedenkzeit betr\u00e4gt 90 Minuten f\u00fcr 40 Z\u00fcge gefolgt von 30 Minuten f\u00fcr den Rest. 30 Sekunden Bonus pro Zug von Anfang an kommen dazu. Turnierleitung: Uwe Jacobsen Aktuelles Detaillierte Infos: Stadtmeisterschaft 2025\/26 &hellip; <a href=\"https:\/\/www.husumer-schachverein.de\/?page_id=6168\">Weiterlesen <span class=\"meta-nav\">&rarr;<\/span><\/a><\/p>\n","protected":false},"author":6,"featured_media":0,"parent":0,"menu_order":0,"comment_status":"closed","ping_status":"closed","template":"","meta":{"footnotes":""},"class_list":["post-6168","page","type-page","status-publish","hentry"],"_links":{"self":[{"href":"https:\/\/www.husumer-schachverein.de\/index.php?rest_route=\/wp\/v2\/pages\/6168","targetHints":{"allow":["GET"]}}],"collection":[{"href":"https:\/\/www.husumer-schachverein.de\/index.php?rest_route=\/wp\/v2\/pages"}],"about":[{"href":"https:\/\/www.husumer-schachverein.de\/index.php?rest_route=\/wp\/v2\/types\/page"}],"author":[{"embeddable":true,"href":"https:\/\/www.husumer-schachverein.de\/index.php?rest_route=\/wp\/v2\/users\/6"}],"replies":[{"embeddable":true,"href":"https:\/\/www.husumer-schachverein.de\/index.php?rest_route=%2Fwp%2Fv2%2Fcomments&post=6168"}],"version-history":[{"count":11,"href":"https:\/\/www.husumer-schachverein.de\/index.php?rest_route=\/wp\/v2\/pages\/6168\/revisions"}],"predecessor-version":[{"id":7571,"href":"https:\/\/www.husumer-schachverein.de\/index.php?rest_route=\/wp\/v2\/pages\/6168\/revisions\/7571"}],"wp:attachment":[{"href":"https:\/\/www.husumer-schachverein.de\/index.php?rest_route=%2Fwp%2Fv2%2Fmedia&parent=6168"}],"curies":[{"name":"wp","href":"https:\/\/api.w.org\/{rel}","templated":true}]}}