{"id":76,"date":"2010-08-27T12:26:30","date_gmt":"2010-08-27T12:26:30","guid":{"rendered":"http:\/\/schach.fc-ahrens.de\/?page_id=76"},"modified":"2026-01-05T18:16:56","modified_gmt":"2026-01-05T16:16:56","slug":"information","status":"publish","type":"page","link":"https:\/\/www.husumer-schachverein.de\/?page_id=76","title":{"rendered":"Informationen zum Verein"},"content":{"rendered":"<h3>Kontakt<\/h3>\n<ul>\n<li>Dr. Holger Ohst, <a href=\"mailto:zajosh@t-online.de\">zajosh@t-online.de<\/a><\/li>\n<li>N.N. (f\u00fcr Jugendtraining)<\/li>\n<\/ul>\n<h3>Vorstand<\/h3>\n<ul>\n<li>Dr. Holger Ohst (1. Vorsitzender)<\/li>\n<li>Tomas Renken (2. Vorsitzender)<\/li>\n<li>Thomas Lehr (Gesch\u00e4ftsf\u00fchrer \/ Kassenwart)<\/li>\n<li>Uwe Jacobsen\u00a0(Turnierleiter)<\/li>\n<li>N.N. (Jugendleiter)<\/li>\n<\/ul>\n<h3>Training f\u00fcr Kinder, Jugendliche und Erwachsene<br \/>\n(aktuelle Informationen finden Sie auf der Seite &#8222;Training&#8220;)<\/h3>\n<ul>\n<li>N.N. (Trainer)<\/li>\n<li>Uwe Jacobsen, Thomas Lehr, Tomas Renken (Vertretung)<\/li>\n<\/ul>\n<table>\n<tbody>\n<tr style=\"background: #DAA520;\">\n<td align=\"right\" height=\"20\">jeden Samstag<\/td>\n<td>Stadtbibliothek 10:00 &#8211; 12:00 Uhr Training f\u00fcr Kinder und Jugendliche (Einsteiger, Fortgeschrittene, Leistungsorientierte)<br \/>\n&#8211; kein Training in den Schulferien<\/td>\n<\/tr>\n<\/tbody>\n<\/table>\n<p>Das Angebot richtet sich an alle interessierten Schachspieler.<\/p>\n<p style=\"padding-left: 30px;\">Hinweise f\u00fcr Eltern: Schach ist f\u00fcr Kinder ab 10 Jahren gut geeignet. Da das logische Denken und die Konzentrationsf\u00e4higkeit gef\u00f6rdert werden, bringt es mittel- und langfristig meistens auch positive Impulse f\u00fcr den Schulunterricht.<\/p>\n<h3>Spielort des Vereins<\/h3>\n<h3 style=\"padding-left: 40px;\">Haus Kiesselbach, Alte Dorfstrasse 2 in Husum-Schob\u00fcll.<br \/>\nBegrenzte Parkm\u00f6glichkeiten befinden sich direkt vor dem Haus.<\/h3>\n<h3>Spielabende<\/h3>\n<p style=\"padding-left: 30px;\">Jeden Dienstag (au\u00dfer Sommerferien) ab 19:15 Uhr in Haus Kiesselbach.<br \/>\nN\u00e4heres entnehmen Sie bitte der Seite &#8222;Termine&#8220;.<\/p>\n<h3>Mitglieder<\/h3>\n<ul>\n<li>42 Mitglieder (Stand: Januar 2026)<\/li>\n<li><a href=\"http:\/\/www.schachbund.de\/verein.html?zps=A0103\" target=\"_blank\" rel=\"noopener noreferrer\">DWZ-Liste <\/a><\/li>\n<\/ul>\n<h3>Mannschaften<\/h3>\n<ul>\n<li>Die 1. Mannschaft spielt in der Landesliga (Manschaftsf\u00fchrer: Uwe Jacobsen)<\/li>\n<li>Die 2. Mannschaft spielt in der Bezirksliga (Mannschaftsf\u00fchrer: Holger Lund)<\/li>\n<li>Die Jugend-Mannschaft spielt in der Jugend-Verbandsliga (Mannschaftsf\u00fchrer: Dr. Holger Ohst)<\/li>\n<\/ul>\n","protected":false},"excerpt":{"rendered":"<p>Kontakt Dr. Holger Ohst, zajosh@t-online.de N.N. (f\u00fcr Jugendtraining) Vorstand Dr. Holger Ohst (1. Vorsitzender) Tomas Renken (2. Vorsitzender) Thomas Lehr (Gesch\u00e4ftsf\u00fchrer \/ Kassenwart) Uwe Jacobsen\u00a0(Turnierleiter) N.N. (Jugendleiter) Training f\u00fcr Kinder, Jugendliche und Erwachsene (aktuelle Informationen finden Sie auf der Seite &hellip; <a href=\"https:\/\/www.husumer-schachverein.de\/?page_id=76\">Weiterlesen <span class=\"meta-nav\">&rarr;<\/span><\/a><\/p>\n","protected":false},"author":1,"featured_media":0,"parent":96,"menu_order":0,"comment_status":"closed","ping_status":"closed","template":"onecolumn-page.php","meta":{"footnotes":""},"class_list":["post-76","page","type-page","status-publish","hentry"],"_links":{"self":[{"href":"https:\/\/www.husumer-schachverein.de\/index.php?rest_route=\/wp\/v2\/pages\/76","targetHints":{"allow":["GET"]}}],"collection":[{"href":"https:\/\/www.husumer-schachverein.de\/index.php?rest_route=\/wp\/v2\/pages"}],"about":[{"href":"https:\/\/www.husumer-schachverein.de\/index.php?rest_route=\/wp\/v2\/types\/page"}],"author":[{"embeddable":true,"href":"https:\/\/www.husumer-schachverein.de\/index.php?rest_route=\/wp\/v2\/users\/1"}],"replies":[{"embeddable":true,"href":"https:\/\/www.husumer-schachverein.de\/index.php?rest_route=%2Fwp%2Fv2%2Fcomments&post=76"}],"version-history":[{"count":84,"href":"https:\/\/www.husumer-schachverein.de\/index.php?rest_route=\/wp\/v2\/pages\/76\/revisions"}],"predecessor-version":[{"id":7691,"href":"https:\/\/www.husumer-schachverein.de\/index.php?rest_route=\/wp\/v2\/pages\/76\/revisions\/7691"}],"up":[{"embeddable":true,"href":"https:\/\/www.husumer-schachverein.de\/index.php?rest_route=\/wp\/v2\/pages\/96"}],"wp:attachment":[{"href":"https:\/\/www.husumer-schachverein.de\/index.php?rest_route=%2Fwp%2Fv2%2Fmedia&parent=76"}],"curies":[{"name":"wp","href":"https:\/\/api.w.org\/{rel}","templated":true}]}}