{"id":860,"date":"2013-02-21T20:25:24","date_gmt":"2013-02-21T18:25:24","guid":{"rendered":"http:\/\/www.husumer-schachverein.de\/?page_id=860"},"modified":"2013-12-29T21:52:14","modified_gmt":"2013-12-29T19:52:14","slug":"partien","status":"publish","type":"page","link":"https:\/\/www.husumer-schachverein.de\/?page_id=860","title":{"rendered":"Partien"},"content":{"rendered":"<p><strong> Mit Orang-Utan Gro\u00dfmeister besiegt <\/strong><br \/>\nPhantastisch wie FM Steffens in der folgenden Partie GM Hausrath in der Vorschlu\u00dfrunde des Internationalen Travem\u00fcnde Opens auf unbekanntes Terrain f\u00fchrt und mit sch\u00f6nen taktischen Tricks die Partie f\u00fcr sich entscheidet. Absolut sehenswert.<\/p>\n<p><div id=\"1860792784\" style=\"visibility:hidden;display:none\">\n[Event &#8222;Travem\u00fcnde Open\"][Site &#8222;?\"][Date &#8222;2013.12.29\"][Round &#8222;6\"][White &#8222;FM Steffens, Olaf\"][Black &#8222;GM Hausrath, Daniel\"][Result &#8222;1-0\"][ECO &#8222;A00\"][WhiteElo &#8222;2212\"][BlackElo &#8222;2529\"][PlyCount &#8222;75\"] 1. b4 d5 2. Bb2 Bg4 3. h3 Bh5 4. Nf3 e6 5. e3 Nf6 6. c4 c6 7. Nc3 Nbd7 8. b5 Be7 9. g4 Bg6 10. bxc6 bxc6 11. Nd4 Rc8 12. cxd5 exd5 13. Nf5 O-O 14. Qf3 Rb8 15. Rb1 Re8 16. Be2 Ne5 17. Qg3 Bb4 18. O-O Bxf5 19. gxf5 d4 20. exd4 Qxd4 21. Nb5 Qe4 22. Nc7 Re7 23. Ne6 fxe6 24. Bxe5 Qxe2 25. Bxf6 Rf8 26. Bxe7 Bxe7 27. Rb7 exf5 28. Qb3+ Kh8 29. Qe3 Qxe3 30. fxe3 Bc5 31. d4 Bb6 32. Rxf5 Re8 33. Re5 Rd8 34. Rbe7 Rf8 35. Re8 Kg8 36. a4 c5 37. Rxf8+ Kxf8 38. dxc5 1-0\n<\/div>\n<div id=\"1860792784_board\"><\/div><script>var brd = new Board(1860792784,{'imagePrefix':'https:\/\/www.husumer-schachverein.de\/wp-content\/plugins\/pgnviewer\/img\/zurich\/',\n'showMovesPane':true,\n'commentFontSize':'10pt',\n'moveFontColor':'#af0000',\n'commentFontColor':'#006699',\n'squareSize':'32px',\n'markLastMove':false,\n'blackSqColor':'url(\"https:\/\/www.husumer-schachverein.de\/wp-content\/plugins\/pgnviewer\/img\/zurich\/board\/darksquare.gif\")',\n'lightSqColor':'url(\"https:\/\/www.husumer-schachverein.de\/wp-content\/plugins\/pgnviewer\/img\/zurich\/board\/lightquare.gif\")',\n'squareBorder':'0px solid #000000',\n'moveBorder':'1px solid #cccccc'\n\n});brd.init()<\/script><noscript>You have JavaScript disabled and you are not seeing a graphical interactive chessboard!<\/noscript> <\/p>\n<p><strong> Greifst du meine Dame an, greife ich deine Dame an! <\/strong><\/p>\n<p>Sehr spannend war die folgende Schnellschachpartie zwischen den Weltklassespielern Luke McShane und Viswanathan Anand beim London Classics Turnier im Dezember 2013. <\/p>\n<p><div id=\"2092914639\" style=\"visibility:hidden;display:none\">\n[Event &#8222;5th Classic GpA 2013\"][Site &#8222;London ENG\"][Date &#8222;2013.12.11\"][Round &#8222;1.1\"][White &#8222;GM McShane, Luke J\"][Black &#8222;GM Anand, Viswanathan\"][Result &#8222;0-1\"][ECO &#8222;B11\"][WhiteElo &#8222;2684\"][BlackElo &#8222;2773\"][PlyCount &#8222;92\"][EventDate &#8222;2013.12.11\"] 1. e4 c6 2. Nf3 d5 3. Nc3 Bg4 4. h3 Bxf3 5. Qxf3 e6 6. Be2 Nf6 7. O-O Bb4 8. e5 Nfd7 9. Qg4 Bf8 10. d4 c5 11. Bg5 Qb6 12. dxc5 Qxc5 13. Be3 h5 14. Qg3 d4 15. Ne4 h4 16. Qf3 Qd5 17. c4 Qxe5 18. Bf4 Qf5 19. Bd3 Qh5 20. Nf6+ gxf6 21. Qxb7 Ne5 22. Qxa8 Bd6 23. c5 Nf3+ 24. Qxf3 Qxf3 25. gxf3 Bxf4 26. b4 Nc6 27. Bb5 Kd7 28. Rfd1 e5 29. a3 f5 30. Kf1 Kc7 31. Ke2 e4 32. fxe4 fxe4 33. Bxc6 d3+ 34. Kf1 Kxc6 35. Kg2 Kd5 36. Rg1 Be5 37. Rad1 Rg8+ 38. Kf1 Rxg1+ 39. Kxg1 f5 40. Kg2 Kd4 41. c6 f4 42. b5 Bc7 43. Rb1 d2 44. Kf1 Kd3 45. a4 e3 46. fxe3 fxe3 0-1\n<\/div>\n<div id=\"2092914639_board\"><\/div><script>var brd = new Board(2092914639,{'imagePrefix':'https:\/\/www.husumer-schachverein.de\/wp-content\/plugins\/pgnviewer\/img\/zurich\/',\n'showMovesPane':true,\n'commentFontSize':'10pt',\n'moveFontColor':'#af0000',\n'commentFontColor':'#006699',\n'squareSize':'32px',\n'markLastMove':false,\n'blackSqColor':'url(\"https:\/\/www.husumer-schachverein.de\/wp-content\/plugins\/pgnviewer\/img\/zurich\/board\/darksquare.gif\")',\n'lightSqColor':'url(\"https:\/\/www.husumer-schachverein.de\/wp-content\/plugins\/pgnviewer\/img\/zurich\/board\/lightquare.gif\")',\n'squareBorder':'0px solid #000000',\n'moveBorder':'1px solid #cccccc'\n\n});brd.init()<\/script><noscript>You have JavaScript disabled and you are not seeing a graphical interactive chessboard!<\/noscript> <\/p>\n<p><strong>Turm gegen f\u00fcnf Bauern<\/strong><\/p>\n<p>Beim Mannschaftskampf Husum vs. Eckernf\u00f6rde (13.1.2013) entstand an Brett 1<br \/>\neine bemerkenswerte Partie,  bei der in der sizilianischen Drachenvariante zun\u00e4chst<br \/>\neine Qualit\u00e4t auf c3 und kurz darauf noch eine ganze Figur f\u00fcr insgesamt 5 Bauern geopfert<br \/>\nwurden. Somit gab es ein ungew\u00f6hnliches Materialverh\u00e4ltnis von einem Turm gegen 5 Bauern.<\/p>\n<p>Gl\u00fccklicherweise reichte es zum Sieg f\u00fcr Schwarz und somit konnte Husum den<br \/>\nMannschaftskampf ganz knapp gewinnen, denn alle sieben anderen Partien endeten remis.<br \/>\nDoch seht selbst:<\/p>\n<p><div id=\"2180583044\" style=\"visibility:hidden;display:none\">\n[Event &#8222;Husum-Eckernf\u00f6rde\"][Site &#8222;?\"][Date &#8222;2013.01.13\"][Round &#8222;?\"][White &#8222;Homuth, Manfred\"][Black &#8222;Behnk, Rolf\"][Result &#8222;0-1\"][ECO &#8222;B76\"][WhiteElo &#8222;2116\"][BlackElo &#8222;2179\"][PlyCount &#8222;128\"]1. e4 c5 2. Nf3 d6 3. d4 cxd4 4. Nxd4 Nf6 5. Nc3 g6 6. Be3 Bg7 7. f3 O-O 8. Qd2 Nc6 9. O-O-O Bd7 10. g4 Ne5 11. h4 Rc8 12. h5 Qa5 13. Kb1 Rxc3 14. Qxc3 Qxc3 15. bxc3 Nxf3 16. Nxf3 Bxg4 17. Bg2 Nxe4 18. Kc1 Nxc3 19. h6 Nxa2+ 20. Kd2 Bc3+ 21. Ke2 Bf6 22. Bd4 e5 23. Bb2 Be7 24. Ra1 Nb4 25. Kd2 Rc8 26. c3 Nc6 27. Ra4 Be6 28. c4 b6 29. Bc3 f5 30. Ne1 Bg5+ 31. Kc2 e4 32. Kb2 a5 33. Nc2 Nd8 34. Rd1 Nf7 35. Bd4 Bxc4 36. Bf1 Bxf1 37. Rxf1 Bxh6 38. Ne3 Bg7 39. Nd5 Bxd4+ 40. Rxd4 Kg7 41. Rc1 Rc5 42. Rxc5 bxc5 43. Ra4 Ne5 44. Kc3 h5 45. Rxa5 h4 46. Ra7+ Kh6 47. Kd2 h3 48. Ra8 Kg5 49. Rh8 Nf3+ 50. Ke3 Nh4 51. Nf4 Kg4 52. Nxh3 Kxh3 53. Kf4 e3 54. Kxe3 Kg3 55. Ke2 Ng2 56. Rg8 Nf4+ 57. Ke3 Kg4 58. Rc8 Nd5+ 59. Kf2 Nf6 60. Kg2 g5 61. Rd8 Ne4 62. Rd7 c4 63. Rc7 c3 64. Rc4 d5 0-1\n<\/div>\n<div id=\"2180583044_board\"><\/div><script>var brd = new Board(2180583044,{'imagePrefix':'https:\/\/www.husumer-schachverein.de\/wp-content\/plugins\/pgnviewer\/img\/zurich\/',\n'showMovesPane':true,\n'commentFontSize':'10pt',\n'moveFontColor':'#af0000',\n'commentFontColor':'#006699',\n'squareSize':'32px',\n'markLastMove':false,\n'blackSqColor':'url(\"https:\/\/www.husumer-schachverein.de\/wp-content\/plugins\/pgnviewer\/img\/zurich\/board\/darksquare.gif\")',\n'lightSqColor':'url(\"https:\/\/www.husumer-schachverein.de\/wp-content\/plugins\/pgnviewer\/img\/zurich\/board\/lightquare.gif\")',\n'squareBorder':'0px solid #000000',\n'moveBorder':'1px solid #cccccc'\n\n});brd.init()<\/script><noscript>You have JavaScript disabled and you are not seeing a graphical interactive chessboard!<\/noscript> <\/p>\n<p><strong>Massiver Bauernsturm am Damenfl\u00fcgel<\/strong><\/p>\n<p>Einfach mal die Bauern am Damenfl\u00fcgel nach vorne gegen den gegnerischen K\u00f6nig st\u00fcrmen lassen. Wird sich wohl fr\u00fcher oder sp\u00e4ter auf diese Weise eine Linie \u00f6ffnen lassen.<br \/>\nKleine \u00dcbungsaufgabe: an welcher Stelle h\u00e4tte Wei\u00df noch schneller und einfacher gewinnen k\u00f6nnen?<\/p>\n<p><div id=\"3396757299\" style=\"visibility:hidden;display:none\">\n[Event &#8222;17.Neckar-Open\"][Site &#8222;Deizisau\"][Date &#8222;2013.03.28\"][Round &#8222;1\"][White &#8222;Boyens, Birger\"][Black &#8222;Zaytsev, Evgeny\"][Result &#8222;1-0\"][ECO &#8222;B15\"][WhiteElo &#8222;1959\"][BlackElo &#8222;1737\"][PlyCount &#8222;61\"]\n1. e4 c6 2. d4 d5 3. Nc3 dxe4 4. Nxe4 Nf6 5. Nxf6+ exf6 6. Nf3 Be6 7. Bd3 Bd6 8. c3 Qc7 9. Qc2 Bf4 10. O-O Nd7 11. Re1 O-O-O 12. b4 Nb6 13. c4 Rhe8 14. a4 g5 15. a5 Na8 16. a6 b6 17. Bxf4 Qxf4 18. d5 Bd7 19. c5 Qxb4 20. cxb6 Nxb6 21. Bf5 Rxe1+ 22. Rxe1 Nxd5 23. Qxc6+ Nc7 24. Rc1 Qb8 25. Nd4 Bxf5 26. Nxf5 Rd7 27.\nNd6+ Kd8 28. Re1 Ne6 29. Nxf7+ Rxf7 30. Qxe6 Qc7 31. Qe8# 1-0\n<\/div>\n<div id=\"3396757299_board\"><\/div><script>var brd = new Board(3396757299,{'imagePrefix':'https:\/\/www.husumer-schachverein.de\/wp-content\/plugins\/pgnviewer\/img\/zurich\/',\n'showMovesPane':true,\n'commentFontSize':'10pt',\n'moveFontColor':'#af0000',\n'commentFontColor':'#006699',\n'squareSize':'32px',\n'markLastMove':false,\n'blackSqColor':'url(\"https:\/\/www.husumer-schachverein.de\/wp-content\/plugins\/pgnviewer\/img\/zurich\/board\/darksquare.gif\")',\n'lightSqColor':'url(\"https:\/\/www.husumer-schachverein.de\/wp-content\/plugins\/pgnviewer\/img\/zurich\/board\/lightquare.gif\")',\n'squareBorder':'0px solid #000000',\n'moveBorder':'1px solid #cccccc'\n\n});brd.init()<\/script><noscript>You have JavaScript disabled and you are not seeing a graphical interactive chessboard!<\/noscript> <\/p>\n","protected":false},"excerpt":{"rendered":"<p>Mit Orang-Utan Gro\u00dfmeister besiegt Phantastisch wie FM Steffens in der folgenden Partie GM Hausrath in der Vorschlu\u00dfrunde des Internationalen Travem\u00fcnde Opens auf unbekanntes Terrain f\u00fchrt und mit sch\u00f6nen taktischen Tricks die Partie f\u00fcr sich entscheidet. Absolut sehenswert. [Event &#8222;Travem\u00fcnde Open&#8220;][Site &hellip; <a href=\"https:\/\/www.husumer-schachverein.de\/?page_id=860\">Weiterlesen <span class=\"meta-nav\">&rarr;<\/span><\/a><\/p>\n","protected":false},"author":6,"featured_media":0,"parent":0,"menu_order":1,"comment_status":"closed","ping_status":"closed","template":"","meta":{"footnotes":""},"class_list":["post-860","page","type-page","status-publish","hentry"],"_links":{"self":[{"href":"https:\/\/www.husumer-schachverein.de\/index.php?rest_route=\/wp\/v2\/pages\/860","targetHints":{"allow":["GET"]}}],"collection":[{"href":"https:\/\/www.husumer-schachverein.de\/index.php?rest_route=\/wp\/v2\/pages"}],"about":[{"href":"https:\/\/www.husumer-schachverein.de\/index.php?rest_route=\/wp\/v2\/types\/page"}],"author":[{"embeddable":true,"href":"https:\/\/www.husumer-schachverein.de\/index.php?rest_route=\/wp\/v2\/users\/6"}],"replies":[{"embeddable":true,"href":"https:\/\/www.husumer-schachverein.de\/index.php?rest_route=%2Fwp%2Fv2%2Fcomments&post=860"}],"version-history":[{"count":20,"href":"https:\/\/www.husumer-schachverein.de\/index.php?rest_route=\/wp\/v2\/pages\/860\/revisions"}],"predecessor-version":[{"id":1710,"href":"https:\/\/www.husumer-schachverein.de\/index.php?rest_route=\/wp\/v2\/pages\/860\/revisions\/1710"}],"wp:attachment":[{"href":"https:\/\/www.husumer-schachverein.de\/index.php?rest_route=%2Fwp%2Fv2%2Fmedia&parent=860"}],"curies":[{"name":"wp","href":"https:\/\/api.w.org\/{rel}","templated":true}]}}