{"id":921,"date":"2013-03-19T22:28:56","date_gmt":"2013-03-19T20:28:56","guid":{"rendered":"http:\/\/www.husumer-schachverein.de\/?page_id=921"},"modified":"2013-03-19T22:43:07","modified_gmt":"2013-03-19T20:43:07","slug":"zitate-und-spruche","status":"publish","type":"page","link":"https:\/\/www.husumer-schachverein.de\/?page_id=921","title":{"rendered":"Zitate und Spr\u00fcche"},"content":{"rendered":"<p>\u201eMan soll vor allem gro\u00df spielen, im Schach wie im Leben, und nicht wie ein Kr\u00e4mer. Alle Berechnung in Ehren, aber das Entscheidende bleibt stets das Unberechenbare, das Wagnis, das co\u00fbte que co\u00fbte.\u201c<br \/>\n   <font color=\"#0000FF\">Christian Morgenstern, Dichter <\/font><\/p>\n<p>\u201eIm Schachspiel offenbart sich durchaus, ob jemand Phantasie und Initiative besitzt oder nicht.\u201c<br \/>\n<font color=\"#0000FF\">Christian Morgenstern, Dichter<\/font><\/p>\n<p>\u201eDie Kombination ist das Herz des Schachspiel.\u201c<br \/>\n<font color=\"#0000FF\">Alexander Aljechin, 4. Schachweltmeister <\/font><\/p>\n<p>\u201eSchach ist das schnellste Spiel der Welt, weil man in jeder Sekunde Tausende von Gedanken ordnen muss.\u201c<br \/>\n <font color=\"#0000FF\">Albert Einstein, Nobelpreistr\u00e4ger Physik<\/font> <\/p>\n<p>\u201eIch stehe immer wie \u00fcber einem Schachspiele und halte keinen Zug des Gegners f\u00fcr unbedeutend.\u201c<br \/>\n <font color=\"#0000FF\">Johann Wolfgang von Goethe, Dichter,  in &#8222;Egmont II&#8220;<\/font>  <\/p>\n<p>Schachdialog:<br \/>\n Bogoljubov: \u201eMatt in vier Z\u00fcgen!\u201c<br \/>\n Tartakower: \u201eIch verbitte mir jede Bel\u00e4stigung!\u201c   <\/p>\n<p>\u201eEs gibt zwei Arten von Opfern: Korrekte und meine. \u201e<br \/>\n<font color=\"#0000FF\">Michail Tal, 8. Schachweltmeister<\/font><\/p>\n<p>\u201ePolitik ist wie Schach: in Zeitnot gelingen einem selten die besten Z\u00fcge.\u201c<br \/>\n<font color=\"#0000FF\">Otto Galo, Schriftsteller<\/font><\/p>\n<p>\u201eOft wird eine g\u00fcnstige Gelegenheit vers\u00e4umt, die Partie aufzugeben.\u201c<br \/>\n<font color=\"#0000FF\">Savielly Grigorievitch Tartakower, Gro\u00dfmeister 1887 \u2013 1956<\/font>  <\/p>\n<p>\u201eWie kann ich Remis annehmen ? Ich wei\u00df ja gar nicht, wie ich stehe !\u201c<br \/>\n<font color=\"#0000FF\">Fritz S\u00e4misch, Gro\u00dfmeister 1896 \u2013 1975<\/font><\/p>\n<p>\u201eWer nicht wagt, der nicht gewinnt.\u201c<br \/>\n(Redensart)   <\/p>\n<p>\u201eWo jemand gewinnt, verliert auch jemand.\u201c<br \/>\n(Redensart)  <\/p>\n<p>Schach ist&#8230;<br \/>\n&#8222;ein Probierstein des Gehirns&#8220; <font color=\"#0000FF\">Johann Wolfgang von Goethe, Dichter<\/font><br \/>\n&#8222;der brutalste Sport der Welt&#8220; <font color=\"#0000FF\">Garri Kasparow, Sachweltmeister von 1985-2000<\/font><\/p>\n","protected":false},"excerpt":{"rendered":"<p>\u201eMan soll vor allem gro\u00df spielen, im Schach wie im Leben, und nicht wie ein Kr\u00e4mer. Alle Berechnung in Ehren, aber das Entscheidende bleibt stets das Unberechenbare, das Wagnis, das co\u00fbte que co\u00fbte.\u201c Christian Morgenstern, Dichter \u201eIm Schachspiel offenbart sich &hellip; <a href=\"https:\/\/www.husumer-schachverein.de\/?page_id=921\">Weiterlesen <span class=\"meta-nav\">&rarr;<\/span><\/a><\/p>\n","protected":false},"author":6,"featured_media":0,"parent":911,"menu_order":0,"comment_status":"closed","ping_status":"closed","template":"","meta":{"footnotes":""},"class_list":["post-921","page","type-page","status-publish","hentry"],"_links":{"self":[{"href":"https:\/\/www.husumer-schachverein.de\/index.php?rest_route=\/wp\/v2\/pages\/921","targetHints":{"allow":["GET"]}}],"collection":[{"href":"https:\/\/www.husumer-schachverein.de\/index.php?rest_route=\/wp\/v2\/pages"}],"about":[{"href":"https:\/\/www.husumer-schachverein.de\/index.php?rest_route=\/wp\/v2\/types\/page"}],"author":[{"embeddable":true,"href":"https:\/\/www.husumer-schachverein.de\/index.php?rest_route=\/wp\/v2\/users\/6"}],"replies":[{"embeddable":true,"href":"https:\/\/www.husumer-schachverein.de\/index.php?rest_route=%2Fwp%2Fv2%2Fcomments&post=921"}],"version-history":[{"count":3,"href":"https:\/\/www.husumer-schachverein.de\/index.php?rest_route=\/wp\/v2\/pages\/921\/revisions"}],"predecessor-version":[{"id":923,"href":"https:\/\/www.husumer-schachverein.de\/index.php?rest_route=\/wp\/v2\/pages\/921\/revisions\/923"}],"up":[{"embeddable":true,"href":"https:\/\/www.husumer-schachverein.de\/index.php?rest_route=\/wp\/v2\/pages\/911"}],"wp:attachment":[{"href":"https:\/\/www.husumer-schachverein.de\/index.php?rest_route=%2Fwp%2Fv2%2Fmedia&parent=921"}],"curies":[{"name":"wp","href":"https:\/\/api.w.org\/{rel}","templated":true}]}}